{"id":16538,"date":"2025-03-04T13:42:32","date_gmt":"2025-03-04T12:42:32","guid":{"rendered":"https:\/\/b2impact.com\/accessibility-statement\/"},"modified":"2025-03-04T13:59:38","modified_gmt":"2025-03-04T12:59:38","slug":"declaration-on-accessibility","status":"publish","type":"page","link":"https:\/\/b2impact.com\/en\/declaration-on-accessibility\/","title":{"rendered":"Declaration on accessibility"},"content":{"rendered":"<p><strong>Declaration on accessibility for <a href=\"https:\/\/industriemedien.at\" target=\"_blank\" rel=\"noopener\">b2impact.com<\/a><\/strong><\/p>\n\n\n\n<p>The <strong>Industrie Medien GmbH<\/strong> endeavours to ensure digital accessibility for people with disabilities. We are continuously working to improve the user experience for everyone and to implement the relevant accessibility standards.<\/p>\n\n\n\n<h5 class=\"wp-block-heading\">Conformity status<\/h5>\n\n\n\n<p>The <strong>Web Content Accessibility Guidelines (WCAG)<\/strong> define requirements for designers and developers to improve accessibility for people with disabilities. There are three levels of conformity: <strong>Level A, Level AA and Level AAA<\/strong>.<\/p>\n\n\n\n<p>The <strong>Industrie Medien GmbH<\/strong> makes ongoing efforts to optimise the accessibility of its website and services, as we believe it is our shared moral obligation to provide unrestricted, accessible and seamless use for all people, including those with disabilities.<\/p>\n\n\n\n<p>Our aim is to ensure that all pages and content on <a href=\"https:\/\/b2impact.com\/en\/\">https:\/\/b2impact.com<\/a> accessible without barriers. However, some content may not yet fully meet the highest accessibility standards. This could be due to the fact that there are challenges in finding the most suitable technological solution.<\/p>\n\n\n\n<p>We reserve the right to revise this statement regularly to reflect improvements or changes to our accessibility measures.<\/p>\n\n\n\n<h5 class=\"wp-block-heading\">Feedback<\/h5>\n\n\n\n<p>We welcome your feedback on the accessibility of the website of the <strong>Industrie Medien GmbH<\/strong>. Please let us know if you encounter any barriers on our website:<\/p>\n\n\n\n<p>\ud83d\udce7 <strong>e-mail:<\/strong> <a>support@industriemedien.at<\/a><\/p>\n\n\n\n<p>We endeavour to respond to your feedback within <strong>3-5 working days<\/strong> to react.<\/p>\n\n\n\n<p class=\"has-text-align-center\">This declaration was issued on <strong>4 March 2025<\/strong> created.<\/p>\n\n\n\n<p><\/p>","protected":false},"excerpt":{"rendered":"<p>Erkl\u00e4rung zur Barrierefreiheit f\u00fcr b2impact.com Die Industrie Medien GmbH ist bestrebt, die digitale Barrierefreiheit f\u00fcr Menschen mit Behinderungen sicherzustellen. Wir arbeiten kontinuierlich daran, die Benutzererfahrung f\u00fcr alle zu verbessern und die relevanten Standards zur Barrierefreiheit umzusetzen. Konformit\u00e4tsstatus Die Web Content Accessibility Guidelines (WCAG) definieren Anforderungen f\u00fcr Designer und Entwickler, um die Barrierefreiheit f\u00fcr Menschen mit [&hellip;]<\/p>","protected":false},"author":1,"featured_media":0,"parent":0,"menu_order":0,"comment_status":"closed","ping_status":"closed","template":"","meta":{"content-type":"","site-sidebar-layout":"default","site-content-layout":"","ast-site-content-layout":"default","site-content-style":"default","site-sidebar-style":"default","ast-global-header-display":"","ast-banner-title-visibility":"","ast-main-header-display":"","ast-hfb-above-header-display":"","ast-hfb-below-header-display":"","ast-hfb-mobile-header-display":"","site-post-title":"","ast-breadcrumbs-content":"","ast-featured-img":"","footer-sml-layout":"","ast-disable-related-posts":"","theme-transparent-header-meta":"","adv-header-id-meta":"","stick-header-meta":"","header-above-stick-meta":"","header-main-stick-meta":"","header-below-stick-meta":"","astra-migrate-meta-layouts":"set","ast-page-background-enabled":"default","ast-page-background-meta":{"desktop":{"background-color":"","background-image":"","background-repeat":"repeat","background-position":"center center","background-size":"auto","background-attachment":"scroll","background-type":"","background-media":"","overlay-type":"","overlay-color":"","overlay-opacity":"","overlay-gradient":""},"tablet":{"background-color":"","background-image":"","background-repeat":"repeat","background-position":"center center","background-size":"auto","background-attachment":"scroll","background-type":"","background-media":"","overlay-type":"","overlay-color":"","overlay-opacity":"","overlay-gradient":""},"mobile":{"background-color":"","background-image":"","background-repeat":"repeat","background-position":"center center","background-size":"auto","background-attachment":"scroll","background-type":"","background-media":"","overlay-type":"","overlay-color":"","overlay-opacity":"","overlay-gradient":""}},"ast-content-background-meta":{"desktop":{"background-color":"var(--ast-global-color-5)","background-image":"","background-repeat":"repeat","background-position":"center center","background-size":"auto","background-attachment":"scroll","background-type":"","background-media":"","overlay-type":"","overlay-color":"","overlay-opacity":"","overlay-gradient":""},"tablet":{"background-color":"var(--ast-global-color-5)","background-image":"","background-repeat":"repeat","background-position":"center center","background-size":"auto","background-attachment":"scroll","background-type":"","background-media":"","overlay-type":"","overlay-color":"","overlay-opacity":"","overlay-gradient":""},"mobile":{"background-color":"var(--ast-global-color-5)","background-image":"","background-repeat":"repeat","background-position":"center center","background-size":"auto","background-attachment":"scroll","background-type":"","background-media":"","overlay-type":"","overlay-color":"","overlay-opacity":"","overlay-gradient":""}},"footnotes":""},"class_list":["post-16538","page","type-page","status-publish","hentry"],"_links":{"self":[{"href":"https:\/\/b2impact.com\/en\/wp-json\/wp\/v2\/pages\/16538","targetHints":{"allow":["GET"]}}],"collection":[{"href":"https:\/\/b2impact.com\/en\/wp-json\/wp\/v2\/pages"}],"about":[{"href":"https:\/\/b2impact.com\/en\/wp-json\/wp\/v2\/types\/page"}],"author":[{"embeddable":true,"href":"https:\/\/b2impact.com\/en\/wp-json\/wp\/v2\/users\/1"}],"replies":[{"embeddable":true,"href":"https:\/\/b2impact.com\/en\/wp-json\/wp\/v2\/comments?post=16538"}],"version-history":[{"count":0,"href":"https:\/\/b2impact.com\/en\/wp-json\/wp\/v2\/pages\/16538\/revisions"}],"wp:attachment":[{"href":"https:\/\/b2impact.com\/en\/wp-json\/wp\/v2\/media?parent=16538"}],"curies":[{"name":"wp","href":"https:\/\/api.w.org\/{rel}","templated":true}]}}