{"id":13287,"date":"2023-03-30T12:53:17","date_gmt":"2023-03-30T10:53:17","guid":{"rendered":"https:\/\/b2impact.com\/?page_id=13287"},"modified":"2023-04-11T14:14:04","modified_gmt":"2023-04-11T12:14:04","slug":"cp_wp_thx","status":"publish","type":"page","link":"https:\/\/b2impact.com\/en\/cp_wp_thx\/","title":{"rendered":"CP_WP_thx"},"content":{"rendered":"<div data-elementor-type=\"wp-page\" data-elementor-id=\"13287\" class=\"elementor elementor-13287\" data-elementor-post-type=\"page\">\n\t\t\t\t\t\t<section class=\"elementor-section elementor-top-section elementor-element elementor-element-44d6d6a elementor-section-height-min-height elementor-section-boxed elementor-section-height-default elementor-section-items-middle\" data-id=\"44d6d6a\" data-element_type=\"section\" data-e-type=\"section\" data-settings=\"{&quot;jet_parallax_layout_list&quot;:[],&quot;background_background&quot;:&quot;classic&quot;}\">\n\t\t\t\t\t\t<div class=\"elementor-container elementor-column-gap-default\">\n\t\t\t\t\t<div class=\"elementor-column elementor-col-100 elementor-top-column elementor-element elementor-element-0fcc136\" data-id=\"0fcc136\" data-element_type=\"column\" data-e-type=\"column\">\n\t\t\t<div class=\"elementor-widget-wrap elementor-element-populated\">\n\t\t\t\t\t\t<section class=\"elementor-section elementor-inner-section elementor-element elementor-element-91fb9e3 elementor-section-boxed elementor-section-height-default elementor-section-height-default\" data-id=\"91fb9e3\" data-element_type=\"section\" data-e-type=\"section\" data-settings=\"{&quot;jet_parallax_layout_list&quot;:[]}\">\n\t\t\t\t\t\t<div class=\"elementor-container elementor-column-gap-default\">\n\t\t\t\t\t<div class=\"elementor-column elementor-col-100 elementor-inner-column elementor-element elementor-element-acdabb5\" data-id=\"acdabb5\" data-element_type=\"column\" data-e-type=\"column\">\n\t\t\t<div class=\"elementor-widget-wrap elementor-element-populated\">\n\t\t\t\t\t\t<div class=\"elementor-element elementor-element-516a640 elementor-view-default elementor-widget elementor-widget-icon\" data-id=\"516a640\" data-element_type=\"widget\" data-e-type=\"widget\" data-widget_type=\"icon.default\">\n\t\t\t\t<div class=\"elementor-widget-container\">\n\t\t\t\t\t\t\t<div class=\"elementor-icon-wrapper\">\n\t\t\t<div class=\"elementor-icon\">\n\t\t\t<i aria-hidden=\"true\" class=\"fas fa-check\"><\/i>\t\t\t<\/div>\n\t\t<\/div>\n\t\t\t\t\t\t<\/div>\n\t\t\t\t<\/div>\n\t\t\t\t<div class=\"elementor-element elementor-element-5e6b83b elementor-widget elementor-widget-heading\" data-id=\"5e6b83b\" data-element_type=\"widget\" data-e-type=\"widget\" data-widget_type=\"heading.default\">\n\t\t\t\t<div class=\"elementor-widget-container\">\n\t\t\t\t\t<h2 class=\"elementor-heading-title elementor-size-default\">Thank you<\/h2>\t\t\t\t<\/div>\n\t\t\t\t<\/div>\n\t\t\t\t<div class=\"elementor-element elementor-element-7582a3a elementor-widget elementor-widget-heading\" data-id=\"7582a3a\" data-element_type=\"widget\" data-e-type=\"widget\" data-widget_type=\"heading.default\">\n\t\t\t\t<div class=\"elementor-widget-container\">\n\t\t\t\t\t<h2 class=\"elementor-heading-title elementor-size-default\">Here you can find the download of our free Corporate Publishing Brochure<\/h2>\t\t\t\t<\/div>\n\t\t\t\t<\/div>\n\t\t\t\t<div class=\"elementor-element elementor-element-7d8470c elementor-align-center elementor-widget__width-inherit elementor-widget elementor-widget-button\" data-id=\"7d8470c\" data-element_type=\"widget\" data-e-type=\"widget\" data-widget_type=\"button.default\">\n\t\t\t\t<div class=\"elementor-widget-container\">\n\t\t\t\t\t\t\t\t\t<div class=\"elementor-button-wrapper\">\n\t\t\t\t\t<a class=\"elementor-button elementor-button-link elementor-size-sm\" href=\"https:\/\/b2impact.com\/wp-content\/uploads\/2023\/04\/B2B_Imagefolder_CP_2023.pdf\" target=\"_blank\" rel=\"nofollow\">\n\t\t\t\t\t\t<span class=\"elementor-button-content-wrapper\">\n\t\t\t\t\t\t\t\t\t<span class=\"elementor-button-text\">Download<\/span>\n\t\t\t\t\t<\/span>\n\t\t\t\t\t<\/a>\n\t\t\t\t<\/div>\n\t\t\t\t\t\t\t\t<\/div>\n\t\t\t\t<\/div>\n\t\t\t\t<div class=\"elementor-element elementor-element-cb529a5 elementor-widget elementor-widget-text-editor\" data-id=\"cb529a5\" data-element_type=\"widget\" data-e-type=\"widget\" data-widget_type=\"text-editor.default\">\n\t\t\t\t<div class=\"elementor-widget-container\">\n\t\t\t\t\t\t\t\t\t<p style=\"text-align: center;\">Thank you for your interest in our content!<\/p><p style=\"text-align: center;\">If you have any questions about corporate publishing or B2B marketing, please contact us to arrange an appointment. <strong>free call<\/strong> at <a href=\"mailto:office@b2impact.com\">office@b2impact.com<\/a>.\u00a0<\/p><p style=\"text-align: center;\"><strong>We look forward to your enquiry and your projects!<\/strong><\/p>\t\t\t\t\t\t\t\t<\/div>\n\t\t\t\t<\/div>\n\t\t\t\t\t<\/div>\n\t\t<\/div>\n\t\t\t\t\t<\/div>\n\t\t<\/section>\n\t\t\t\t<section class=\"elementor-section elementor-inner-section elementor-element elementor-element-3564171 elementor-reverse-mobile elementor-section-boxed elementor-section-height-default elementor-section-height-default\" data-id=\"3564171\" data-element_type=\"section\" data-e-type=\"section\" data-settings=\"{&quot;jet_parallax_layout_list&quot;:[]}\">\n\t\t\t\t\t\t<div class=\"elementor-container elementor-column-gap-default\">\n\t\t\t\t\t<div class=\"elementor-column elementor-col-50 elementor-inner-column elementor-element elementor-element-b721eca\" data-id=\"b721eca\" data-element_type=\"column\" data-e-type=\"column\" data-settings=\"{&quot;background_background&quot;:&quot;classic&quot;}\">\n\t\t\t<div class=\"elementor-widget-wrap elementor-element-populated\">\n\t\t\t\t\t\t<div class=\"elementor-element elementor-element-a59a001 elementor-widget elementor-widget-heading\" data-id=\"a59a001\" data-element_type=\"widget\" data-e-type=\"widget\" data-widget_type=\"heading.default\">\n\t\t\t\t<div class=\"elementor-widget-container\">\n\t\t\t\t\t<h2 class=\"elementor-heading-title elementor-size-default\">Follow us on social media<\/h2>\t\t\t\t<\/div>\n\t\t\t\t<\/div>\n\t\t\t\t<div class=\"elementor-element elementor-element-b4a4774 elementor-shape-rounded elementor-grid-0 e-grid-align-center elementor-widget elementor-widget-social-icons\" data-id=\"b4a4774\" data-element_type=\"widget\" data-e-type=\"widget\" data-widget_type=\"social-icons.default\">\n\t\t\t\t<div class=\"elementor-widget-container\">\n\t\t\t\t\t\t\t<div class=\"elementor-social-icons-wrapper elementor-grid\" role=\"list\">\n\t\t\t\t\t\t\t<span class=\"elementor-grid-item\" role=\"listitem\">\n\t\t\t\t\t<a class=\"elementor-icon elementor-social-icon elementor-social-icon-facebook elementor-repeater-item-1dc3d1c\" href=\"https:\/\/www.facebook.com\/people\/B2IMPACT-Die-Agentur-f%C3%BCr-Wirkung-und-Ergebnis\/100067003031621\/\" target=\"_blank\" rel=\"nofollow noopener\">\n\t\t\t\t\t\t<span class=\"elementor-screen-only\">Facebook<\/span>\n\t\t\t\t\t\t<i aria-hidden=\"true\" class=\"fab fa-facebook\"><\/i>\t\t\t\t\t<\/a>\n\t\t\t\t<\/span>\n\t\t\t\t\t\t\t<span class=\"elementor-grid-item\" role=\"listitem\">\n\t\t\t\t\t<a class=\"elementor-icon elementor-social-icon elementor-social-icon-linkedin elementor-repeater-item-c2de0a6\" href=\"https:\/\/www.linkedin.com\/company\/b2impact\" target=\"_blank\" rel=\"nofollow noopener\">\n\t\t\t\t\t\t<span class=\"elementor-screen-only\">Linkedin<\/span>\n\t\t\t\t\t\t<i aria-hidden=\"true\" class=\"fab fa-linkedin\"><\/i>\t\t\t\t\t<\/a>\n\t\t\t\t<\/span>\n\t\t\t\t\t\t\t<span class=\"elementor-grid-item\" role=\"listitem\">\n\t\t\t\t\t<a class=\"elementor-icon elementor-social-icon elementor-social-icon-instagram elementor-repeater-item-c1fc1a9\" href=\"https:\/\/www.instagram.com\/b2impact_agentur\/?igshid=YmMyMTA2M2Y%3D\" target=\"_blank\" rel=\"noopener\">\n\t\t\t\t\t\t<span class=\"elementor-screen-only\">Instagram<\/span>\n\t\t\t\t\t\t<i aria-hidden=\"true\" class=\"fab fa-instagram\"><\/i>\t\t\t\t\t<\/a>\n\t\t\t\t<\/span>\n\t\t\t\t\t<\/div>\n\t\t\t\t\t\t<\/div>\n\t\t\t\t<\/div>\n\t\t\t\t\t<\/div>\n\t\t<\/div>\n\t\t\t\t<div class=\"elementor-column elementor-col-50 elementor-inner-column elementor-element elementor-element-504ce9d\" data-id=\"504ce9d\" data-element_type=\"column\" data-e-type=\"column\" data-settings=\"{&quot;background_background&quot;:&quot;classic&quot;}\">\n\t\t\t<div class=\"elementor-widget-wrap elementor-element-populated\">\n\t\t\t\t\t\t<section class=\"elementor-section elementor-inner-section elementor-element elementor-element-b92041a elementor-section-boxed elementor-section-height-default elementor-section-height-default\" data-id=\"b92041a\" data-element_type=\"section\" data-e-type=\"section\" data-settings=\"{&quot;jet_parallax_layout_list&quot;:[]}\">\n\t\t\t\t\t\t<div class=\"elementor-container elementor-column-gap-default\">\n\t\t\t\t\t<div class=\"elementor-column elementor-col-100 elementor-inner-column elementor-element elementor-element-ff3c86c\" data-id=\"ff3c86c\" data-element_type=\"column\" data-e-type=\"column\">\n\t\t\t<div class=\"elementor-widget-wrap elementor-element-populated\">\n\t\t\t\t\t\t<div class=\"elementor-element elementor-element-f5f0271 elementor-widget elementor-widget-heading\" data-id=\"f5f0271\" data-element_type=\"widget\" data-e-type=\"widget\" data-widget_type=\"heading.default\">\n\t\t\t\t<div class=\"elementor-widget-container\">\n\t\t\t\t\t<h2 class=\"elementor-heading-title elementor-size-default\">The B2IMPACT Team<\/h2>\t\t\t\t<\/div>\n\t\t\t\t<\/div>\n\t\t\t\t\t<\/div>\n\t\t<\/div>\n\t\t\t\t\t<\/div>\n\t\t<\/section>\n\t\t\t\t<section class=\"elementor-section elementor-inner-section elementor-element elementor-element-7e45994 elementor-section-boxed elementor-section-height-default elementor-section-height-default\" data-id=\"7e45994\" data-element_type=\"section\" data-e-type=\"section\" data-settings=\"{&quot;jet_parallax_layout_list&quot;:[]}\">\n\t\t\t\t\t\t<div class=\"elementor-container elementor-column-gap-default\">\n\t\t\t\t\t<div class=\"elementor-column elementor-col-50 elementor-inner-column elementor-element elementor-element-a679583\" data-id=\"a679583\" data-element_type=\"column\" data-e-type=\"column\" data-settings=\"{&quot;background_background&quot;:&quot;classic&quot;}\">\n\t\t\t<div class=\"elementor-widget-wrap elementor-element-populated\">\n\t\t\t\t\t\t<div class=\"elementor-element elementor-element-8ba5aaa elementor-widget elementor-widget-image\" data-id=\"8ba5aaa\" data-element_type=\"widget\" data-e-type=\"widget\" data-widget_type=\"image.default\">\n\t\t\t\t<div class=\"elementor-widget-container\">\n\t\t\t\t\t\t\t\t\t\t\t\t\t\t\t\t<a href=\"https:\/\/b2impact.com\/en\/contact-b2impact\/\" target=\"_blank\">\n\t\t\t\t\t\t\t<img fetchpriority=\"high\" decoding=\"async\" width=\"768\" height=\"765\" src=\"https:\/\/b2impact.com\/wp-content\/uploads\/2022\/04\/B2I_Nicole-2-768x765.jpg\" class=\"attachment-medium_large size-medium_large wp-image-4588\" alt=\"Nicole Fleck - Agency Manager and Senior Art Director B2IMPACT\" srcset=\"https:\/\/b2impact.com\/wp-content\/uploads\/2022\/04\/B2I_Nicole-2-768x765.jpg 768w, https:\/\/b2impact.com\/wp-content\/uploads\/2022\/04\/B2I_Nicole-2-300x300.jpg 300w, https:\/\/b2impact.com\/wp-content\/uploads\/2022\/04\/B2I_Nicole-2-1024x1021.jpg 1024w, https:\/\/b2impact.com\/wp-content\/uploads\/2022\/04\/B2I_Nicole-2-150x150.jpg 150w, https:\/\/b2impact.com\/wp-content\/uploads\/2022\/04\/B2I_Nicole-2.jpg 1500w\" sizes=\"(max-width: 768px) 100vw, 768px\" \/>\t\t\t\t\t\t\t\t<\/a>\n\t\t\t\t\t\t\t\t\t\t\t\t\t\t\t<\/div>\n\t\t\t\t<\/div>\n\t\t\t\t\t<\/div>\n\t\t<\/div>\n\t\t\t\t<div class=\"elementor-column elementor-col-50 elementor-inner-column elementor-element elementor-element-c1b0d1d\" data-id=\"c1b0d1d\" data-element_type=\"column\" data-e-type=\"column\">\n\t\t\t<div class=\"elementor-widget-wrap elementor-element-populated\">\n\t\t\t\t\t\t<div class=\"elementor-element elementor-element-e5a0a75 elementor-widget elementor-widget-image\" data-id=\"e5a0a75\" data-element_type=\"widget\" data-e-type=\"widget\" data-widget_type=\"image.default\">\n\t\t\t\t<div class=\"elementor-widget-container\">\n\t\t\t\t\t\t\t\t\t\t\t\t\t\t\t\t<a href=\"https:\/\/b2impact.com\/en\/contact-b2impact\/\">\n\t\t\t\t\t\t\t<img decoding=\"async\" width=\"768\" height=\"765\" src=\"https:\/\/b2impact.com\/wp-content\/uploads\/2022\/04\/B2I_Daniela-2-768x765.jpg\" class=\"attachment-medium_large size-medium_large wp-image-4601\" alt=\"Daniela Purer - Head of Corporate Publishing B2IMPACT - Stefan Joham\" srcset=\"https:\/\/b2impact.com\/wp-content\/uploads\/2022\/04\/B2I_Daniela-2-768x765.jpg 768w, https:\/\/b2impact.com\/wp-content\/uploads\/2022\/04\/B2I_Daniela-2-300x300.jpg 300w, https:\/\/b2impact.com\/wp-content\/uploads\/2022\/04\/B2I_Daniela-2-1024x1021.jpg 1024w, https:\/\/b2impact.com\/wp-content\/uploads\/2022\/04\/B2I_Daniela-2-150x150.jpg 150w, https:\/\/b2impact.com\/wp-content\/uploads\/2022\/04\/B2I_Daniela-2.jpg 1500w\" sizes=\"(max-width: 768px) 100vw, 768px\" \/>\t\t\t\t\t\t\t\t<\/a>\n\t\t\t\t\t\t\t\t\t\t\t\t\t\t\t<\/div>\n\t\t\t\t<\/div>\n\t\t\t\t\t<\/div>\n\t\t<\/div>\n\t\t\t\t\t<\/div>\n\t\t<\/section>\n\t\t\t\t<section class=\"elementor-section elementor-inner-section elementor-element elementor-element-449d909 elementor-section-boxed elementor-section-height-default elementor-section-height-default\" data-id=\"449d909\" data-element_type=\"section\" data-e-type=\"section\" data-settings=\"{&quot;jet_parallax_layout_list&quot;:[]}\">\n\t\t\t\t\t\t<div class=\"elementor-container elementor-column-gap-default\">\n\t\t\t\t\t<div class=\"elementor-column elementor-col-50 elementor-inner-column elementor-element elementor-element-8cd3acd\" data-id=\"8cd3acd\" data-element_type=\"column\" data-e-type=\"column\">\n\t\t\t<div class=\"elementor-widget-wrap elementor-element-populated\">\n\t\t\t\t\t\t<div class=\"elementor-element elementor-element-0ab90b8 elementor-widget elementor-widget-image\" data-id=\"0ab90b8\" data-element_type=\"widget\" data-e-type=\"widget\" data-widget_type=\"image.default\">\n\t\t\t\t<div class=\"elementor-widget-container\">\n\t\t\t\t\t\t\t\t\t\t\t\t\t\t\t\t<a href=\"https:\/\/b2impact.com\/en\/contact-b2impact\/\">\n\t\t\t\t\t\t\t<img decoding=\"async\" width=\"768\" height=\"765\" src=\"https:\/\/b2impact.com\/wp-content\/uploads\/2022\/04\/B2I_Barbara-2-768x765.jpg\" class=\"attachment-medium_large size-medium_large wp-image-4665\" alt=\"Barbara Pl\u00f6chl - SEO and Content Marketing B2IMPACT - Stefan Joham\" srcset=\"https:\/\/b2impact.com\/wp-content\/uploads\/2022\/04\/B2I_Barbara-2-768x765.jpg 768w, https:\/\/b2impact.com\/wp-content\/uploads\/2022\/04\/B2I_Barbara-2-300x300.jpg 300w, https:\/\/b2impact.com\/wp-content\/uploads\/2022\/04\/B2I_Barbara-2-1024x1021.jpg 1024w, https:\/\/b2impact.com\/wp-content\/uploads\/2022\/04\/B2I_Barbara-2-150x150.jpg 150w, https:\/\/b2impact.com\/wp-content\/uploads\/2022\/04\/B2I_Barbara-2.jpg 1500w\" sizes=\"(max-width: 768px) 100vw, 768px\" \/>\t\t\t\t\t\t\t\t<\/a>\n\t\t\t\t\t\t\t\t\t\t\t\t\t\t\t<\/div>\n\t\t\t\t<\/div>\n\t\t\t\t\t<\/div>\n\t\t<\/div>\n\t\t\t\t<div class=\"elementor-column elementor-col-50 elementor-inner-column elementor-element elementor-element-ae57005\" data-id=\"ae57005\" data-element_type=\"column\" data-e-type=\"column\" data-settings=\"{&quot;background_background&quot;:&quot;classic&quot;}\">\n\t\t\t<div class=\"elementor-widget-wrap elementor-element-populated\">\n\t\t\t\t\t\t<div class=\"elementor-element elementor-element-bc172c3 elementor-widget elementor-widget-image\" data-id=\"bc172c3\" data-element_type=\"widget\" data-e-type=\"widget\" data-widget_type=\"image.default\">\n\t\t\t\t<div class=\"elementor-widget-container\">\n\t\t\t\t\t\t\t\t\t\t\t\t\t\t\t\t<a href=\"https:\/\/b2impact.com\/en\/contact-b2impact\/\">\n\t\t\t\t\t\t\t<img loading=\"lazy\" decoding=\"async\" width=\"768\" height=\"766\" src=\"https:\/\/b2impact.com\/wp-content\/uploads\/2022\/06\/B2I_Dusica-768x766.jpg\" class=\"attachment-medium_large size-medium_large wp-image-6807\" alt=\"Dusica Pavlovic_Social Media Marketing B2IMPACT\" srcset=\"https:\/\/b2impact.com\/wp-content\/uploads\/2022\/06\/B2I_Dusica-768x766.jpg 768w, https:\/\/b2impact.com\/wp-content\/uploads\/2022\/06\/B2I_Dusica-300x300.jpg 300w, https:\/\/b2impact.com\/wp-content\/uploads\/2022\/06\/B2I_Dusica-150x150.jpg 150w, https:\/\/b2impact.com\/wp-content\/uploads\/2022\/06\/B2I_Dusica.jpg 954w\" sizes=\"(max-width: 768px) 100vw, 768px\" \/>\t\t\t\t\t\t\t\t<\/a>\n\t\t\t\t\t\t\t\t\t\t\t\t\t\t\t<\/div>\n\t\t\t\t<\/div>\n\t\t\t\t\t<\/div>\n\t\t<\/div>\n\t\t\t\t\t<\/div>\n\t\t<\/section>\n\t\t\t\t\t<\/div>\n\t\t<\/div>\n\t\t\t\t\t<\/div>\n\t\t<\/section>\n\t\t\t\t\t<\/div>\n\t\t<\/div>\n\t\t\t\t\t<\/div>\n\t\t<\/section>\n\t\t\t\t<\/div>","protected":false},"excerpt":{"rendered":"<p>Dankesch\u00f6n Hier finden Sie den Download unserer kostenlosten Corporate Publishing Brosch\u00fcre Download Wir freuen uns \u00fcber Ihr Interesse an unserem Content! Bei Fragen zu Corporate Publishing oder B2B Marketing vereinbaren Sie gerne ein kostenloses Gespr\u00e4ch unter office@b2impact.com.\u00a0 Wir freuen uns auf Ihre Anfrage und Ihre Projekte! Folgen Sie uns auf Social-Media Facebook Linkedin Instagram Das [&hellip;]<\/p>","protected":false},"author":1,"featured_media":0,"parent":0,"menu_order":0,"comment_status":"closed","ping_status":"closed","template":"elementor_header_footer","meta":{"content-type":"","site-sidebar-layout":"no-sidebar","site-content-layout":"page-builder","ast-site-content-layout":"default","site-content-style":"default","site-sidebar-style":"default","ast-global-header-display":"","ast-banner-title-visibility":"","ast-main-header-display":"","ast-hfb-above-header-display":"","ast-hfb-below-header-display":"","ast-hfb-mobile-header-display":"","site-post-title":"disabled","ast-breadcrumbs-content":"","ast-featured-img":"disabled","footer-sml-layout":"","ast-disable-related-posts":"","theme-transparent-header-meta":"default","adv-header-id-meta":"","stick-header-meta":"","header-above-stick-meta":"","header-main-stick-meta":"","header-below-stick-meta":"","astra-migrate-meta-layouts":"default","ast-page-background-enabled":"default","ast-page-background-meta":{"desktop":{"background-color":"","background-image":"","background-repeat":"repeat","background-position":"center center","background-size":"auto","background-attachment":"scroll","background-type":"","background-media":"","overlay-type":"","overlay-color":"","overlay-opacity":"","overlay-gradient":""},"tablet":{"background-color":"","background-image":"","background-repeat":"repeat","background-position":"center center","background-size":"auto","background-attachment":"scroll","background-type":"","background-media":"","overlay-type":"","overlay-color":"","overlay-opacity":"","overlay-gradient":""},"mobile":{"background-color":"","background-image":"","background-repeat":"repeat","background-position":"center center","background-size":"auto","background-attachment":"scroll","background-type":"","background-media":"","overlay-type":"","overlay-color":"","overlay-opacity":"","overlay-gradient":""}},"ast-content-background-meta":{"desktop":{"background-color":"var(--ast-global-color-5)","background-image":"","background-repeat":"repeat","background-position":"center center","background-size":"auto","background-attachment":"scroll","background-type":"","background-media":"","overlay-type":"","overlay-color":"","overlay-opacity":"","overlay-gradient":""},"tablet":{"background-color":"var(--ast-global-color-5)","background-image":"","background-repeat":"repeat","background-position":"center center","background-size":"auto","background-attachment":"scroll","background-type":"","background-media":"","overlay-type":"","overlay-color":"","overlay-opacity":"","overlay-gradient":""},"mobile":{"background-color":"var(--ast-global-color-5)","background-image":"","background-repeat":"repeat","background-position":"center center","background-size":"auto","background-attachment":"scroll","background-type":"","background-media":"","overlay-type":"","overlay-color":"","overlay-opacity":"","overlay-gradient":""}},"footnotes":""},"class_list":["post-13287","page","type-page","status-publish","hentry"],"_links":{"self":[{"href":"https:\/\/b2impact.com\/en\/wp-json\/wp\/v2\/pages\/13287","targetHints":{"allow":["GET"]}}],"collection":[{"href":"https:\/\/b2impact.com\/en\/wp-json\/wp\/v2\/pages"}],"about":[{"href":"https:\/\/b2impact.com\/en\/wp-json\/wp\/v2\/types\/page"}],"author":[{"embeddable":true,"href":"https:\/\/b2impact.com\/en\/wp-json\/wp\/v2\/users\/1"}],"replies":[{"embeddable":true,"href":"https:\/\/b2impact.com\/en\/wp-json\/wp\/v2\/comments?post=13287"}],"version-history":[{"count":0,"href":"https:\/\/b2impact.com\/en\/wp-json\/wp\/v2\/pages\/13287\/revisions"}],"wp:attachment":[{"href":"https:\/\/b2impact.com\/en\/wp-json\/wp\/v2\/media?parent=13287"}],"curies":[{"name":"wp","href":"https:\/\/api.w.org\/{rel}","templated":true}]}}